{"id":691,"date":"2024-12-20T20:59:48","date_gmt":"2024-12-20T20:59:48","guid":{"rendered":"https:\/\/nextleague.com\/?page_id=691"},"modified":"2025-04-16T18:28:49","modified_gmt":"2025-04-16T18:28:49","slug":"times","status":"publish","type":"page","link":"https:\/\/nextleague.com\/pt\/solucoes\/times","title":{"rendered":"Times"},"content":{"rendered":"","protected":false},"excerpt":{"rendered":"","protected":false},"author":1,"featured_media":0,"parent":666,"menu_order":0,"comment_status":"closed","ping_status":"closed","template":"","meta":{"content-type":"","inline_featured_image":false,"_monsterinsights_skip_tracking":false,"_monsterinsights_sitenote_active":false,"_monsterinsights_sitenote_note":"","_monsterinsights_sitenote_category":0,"footnotes":""},"class_list":["post-691","page","type-page","status-publish","hentry"],"yoast_head":"<!-- This site is optimized with the Yoast SEO plugin v26.1.1 - https:\/\/yoast.com\/wordpress\/plugins\/seo\/ -->\n<title>Next League | Digital Solutions for Sports Teams<\/title>\n<meta name=\"description\" content=\"We help sports teams grow and monetize their fanbases with optimized technology, system integration, and data-driven revenue strategies.\" \/>\n<meta name=\"robots\" content=\"index, follow, max-snippet:-1, max-image-preview:large, max-video-preview:-1\" \/>\n<link rel=\"canonical\" href=\"https:\/\/nextleague.com\/pt\/solucoes\/times\/\" \/>\n<meta property=\"og:locale\" content=\"pt_BR\" \/>\n<meta property=\"og:type\" content=\"article\" \/>\n<meta property=\"og:title\" content=\"Next League | Digital Solutions for Sports Teams\" \/>\n<meta property=\"og:description\" content=\"We help sports teams grow and monetize their fanbases with optimized technology, system integration, and data-driven revenue strategies.\" \/>\n<meta property=\"og:url\" content=\"https:\/\/nextleague.com\/pt\/solucoes\/times\/\" \/>\n<meta property=\"og:site_name\" content=\"Next League\" \/>\n<meta property=\"article:publisher\" content=\"https:\/\/www.facebook.com\/KnowWhatIsNext\" \/>\n<meta property=\"article:modified_time\" content=\"2025-04-16T18:28:49+00:00\" \/>\n<meta name=\"twitter:card\" content=\"summary_large_image\" \/>\n<meta name=\"twitter:site\" content=\"@KnowWhatIsNext\" \/>\n<meta name=\"twitter:label1\" content=\"Est. reading time\" \/>\n\t<meta name=\"twitter:data1\" content=\"5 minutos\" \/>\n<script type=\"application\/ld+json\" class=\"yoast-schema-graph\">{\"@context\":\"https:\/\/schema.org\",\"@graph\":[{\"@type\":\"WebPage\",\"@id\":\"https:\/\/nextleague.com\/es\/soluciones\/equipos\",\"url\":\"https:\/\/nextleague.com\/es\/soluciones\/equipos\",\"name\":\"Next League | Digital Solutions for Sports Teams\",\"isPartOf\":{\"@id\":\"https:\/\/nextleague.com\/#website\"},\"datePublished\":\"2024-12-20T20:59:48+00:00\",\"dateModified\":\"2025-04-16T18:28:49+00:00\",\"description\":\"We help sports teams grow and monetize their fanbases with optimized technology, system integration, and data-driven revenue strategies.\",\"breadcrumb\":{\"@id\":\"https:\/\/nextleague.com\/es\/soluciones\/equipos#breadcrumb\"},\"inLanguage\":\"pt-BR\",\"potentialAction\":[{\"@type\":\"ReadAction\",\"target\":[\"https:\/\/nextleague.com\/es\/soluciones\/equipos\"]}]},{\"@type\":\"BreadcrumbList\",\"@id\":\"https:\/\/nextleague.com\/es\/soluciones\/equipos#breadcrumb\",\"itemListElement\":[{\"@type\":\"ListItem\",\"position\":1,\"name\":\"Home\",\"item\":\"https:\/\/nextleague.com\/\"},{\"@type\":\"ListItem\",\"position\":2,\"name\":\"Solutions\",\"item\":\"https:\/\/nextleague.com\/solutions\"},{\"@type\":\"ListItem\",\"position\":3,\"name\":\"Teams\"}]},{\"@type\":\"WebSite\",\"@id\":\"https:\/\/nextleague.com\/#website\",\"url\":\"https:\/\/nextleague.com\/\",\"name\":\"Next League\",\"description\":\"Digital Agency | Strategy, Design, Brand &amp; Technology\",\"publisher\":{\"@id\":\"https:\/\/nextleague.com\/#organization\"},\"potentialAction\":[{\"@type\":\"SearchAction\",\"target\":{\"@type\":\"EntryPoint\",\"urlTemplate\":\"https:\/\/nextleague.com\/?s={search_term_string}\"},\"query-input\":{\"@type\":\"PropertyValueSpecification\",\"valueRequired\":true,\"valueName\":\"search_term_string\"}}],\"inLanguage\":\"pt-BR\"},{\"@type\":\"Organization\",\"@id\":\"https:\/\/nextleague.com\/#organization\",\"name\":\"Next League\",\"url\":\"https:\/\/nextleague.com\/\",\"logo\":{\"@type\":\"ImageObject\",\"inLanguage\":\"pt-BR\",\"@id\":\"https:\/\/nextleague.com\/#\/schema\/logo\/image\/\",\"url\":\"https:\/\/nextleague.com\/wp-content\/uploads\/2021\/11\/nl-logo-x-small.png\",\"contentUrl\":\"https:\/\/nextleague.com\/wp-content\/uploads\/2021\/11\/nl-logo-x-small.png\",\"width\":100,\"height\":100,\"caption\":\"Next League\"},\"image\":{\"@id\":\"https:\/\/nextleague.com\/#\/schema\/logo\/image\/\"},\"sameAs\":[\"https:\/\/www.facebook.com\/KnowWhatIsNext\",\"https:\/\/x.com\/KnowWhatIsNext\",\"https:\/\/www.instagram.com\/knowwhatisnext\/\",\"https:\/\/www.linkedin.com\/company\/next-league\",\"https:\/\/www.youtube.com\/channel\/UCpbzRkasZme-_X-9yfLt-uw\"]}]}<\/script>\n<!-- \/ Yoast SEO plugin. -->","yoast_head_json":{"title":"Next League | Solu\u00e7\u00f5es digitais para Equipes Esportivas","description":"Ajudamos equipes esportivas a expandir e monetizar sua base de f\u00e3s com tecnologia otimizada, integra\u00e7\u00e3o de sistemas e estrat\u00e9gias de receita orientadas por dados.","robots":{"index":"index","follow":"follow","max-snippet":"max-snippet:-1","max-image-preview":"max-image-preview:large","max-video-preview":"max-video-preview:-1"},"canonical":"https:\/\/nextleague.com\/pt\/solucoes\/times\/","og_locale":"pt_BR","og_type":"article","og_title":"Next League | Digital Solutions for Sports Teams","og_description":"We help sports teams grow and monetize their fanbases with optimized technology, system integration, and data-driven revenue strategies.","og_url":"https:\/\/nextleague.com\/pt\/solucoes\/times\/","og_site_name":"Next League","article_publisher":"https:\/\/www.facebook.com\/KnowWhatIsNext","article_modified_time":"2025-04-16T18:28:49+00:00","twitter_card":"summary_large_image","twitter_site":"@KnowWhatIsNext","twitter_misc":{"Est. reading time":"5 minutos"},"schema":{"@context":"https:\/\/schema.org","@graph":[{"@type":"WebPage","@id":"https:\/\/nextleague.com\/es\/soluciones\/equipos","url":"https:\/\/nextleague.com\/es\/soluciones\/equipos","name":"Next League | Solu\u00e7\u00f5es digitais para Equipes Esportivas","isPartOf":{"@id":"https:\/\/nextleague.com\/#website"},"datePublished":"2024-12-20T20:59:48+00:00","dateModified":"2025-04-16T18:28:49+00:00","description":"Ajudamos equipes esportivas a expandir e monetizar sua base de f\u00e3s com tecnologia otimizada, integra\u00e7\u00e3o de sistemas e estrat\u00e9gias de receita orientadas por dados.","breadcrumb":{"@id":"https:\/\/nextleague.com\/es\/soluciones\/equipos#breadcrumb"},"inLanguage":"pt-BR","potentialAction":[{"@type":"ReadAction","target":["https:\/\/nextleague.com\/es\/soluciones\/equipos"]}]},{"@type":"BreadcrumbList","@id":"https:\/\/nextleague.com\/es\/soluciones\/equipos#breadcrumb","itemListElement":[{"@type":"ListItem","position":1,"name":"Home","item":"https:\/\/nextleague.com\/"},{"@type":"ListItem","position":2,"name":"Solutions","item":"https:\/\/nextleague.com\/solutions"},{"@type":"ListItem","position":3,"name":"Teams"}]},{"@type":"WebSite","@id":"https:\/\/nextleague.com\/#website","url":"https:\/\/nextleague.com\/","name":"Next League","description":"Digital Agency | Strategy, Design, Brand &amp; Technology","publisher":{"@id":"https:\/\/nextleague.com\/#organization"},"potentialAction":[{"@type":"SearchAction","target":{"@type":"EntryPoint","urlTemplate":"https:\/\/nextleague.com\/?s={search_term_string}"},"query-input":{"@type":"PropertyValueSpecification","valueRequired":true,"valueName":"search_term_string"}}],"inLanguage":"pt-BR"},{"@type":"Organization","@id":"https:\/\/nextleague.com\/#organization","name":"Next League","url":"https:\/\/nextleague.com\/","logo":{"@type":"ImageObject","inLanguage":"pt-BR","@id":"https:\/\/nextleague.com\/#\/schema\/logo\/image\/","url":"https:\/\/nextleague.com\/wp-content\/uploads\/2021\/11\/nl-logo-x-small.png","contentUrl":"https:\/\/nextleague.com\/wp-content\/uploads\/2021\/11\/nl-logo-x-small.png","width":100,"height":100,"caption":"Next League"},"image":{"@id":"https:\/\/nextleague.com\/#\/schema\/logo\/image\/"},"sameAs":["https:\/\/www.facebook.com\/KnowWhatIsNext","https:\/\/x.com\/KnowWhatIsNext","https:\/\/www.instagram.com\/knowwhatisnext\/","https:\/\/www.linkedin.com\/company\/next-league","https:\/\/www.youtube.com\/channel\/UCpbzRkasZme-_X-9yfLt-uw"]}]}},"_links":{"self":[{"href":"https:\/\/nextleague.com\/pt\/wp-json\/wp\/v2\/pages\/691","targetHints":{"allow":["GET"]}}],"collection":[{"href":"https:\/\/nextleague.com\/pt\/wp-json\/wp\/v2\/pages"}],"about":[{"href":"https:\/\/nextleague.com\/pt\/wp-json\/wp\/v2\/types\/page"}],"author":[{"embeddable":true,"href":"https:\/\/nextleague.com\/pt\/wp-json\/wp\/v2\/users\/1"}],"replies":[{"embeddable":true,"href":"https:\/\/nextleague.com\/pt\/wp-json\/wp\/v2\/comments?post=691"}],"version-history":[{"count":0,"href":"https:\/\/nextleague.com\/pt\/wp-json\/wp\/v2\/pages\/691\/revisions"}],"up":[{"embeddable":true,"href":"https:\/\/nextleague.com\/pt\/wp-json\/wp\/v2\/pages\/666"}],"wp:attachment":[{"href":"https:\/\/nextleague.com\/pt\/wp-json\/wp\/v2\/media?parent=691"}],"curies":[{"name":"wp","href":"https:\/\/api.w.org\/{rel}","templated":true}]}}