{"id":732,"date":"2025-02-14T12:21:40","date_gmt":"2025-02-14T12:21:40","guid":{"rendered":"https:\/\/nextleague.com\/?page_id=732"},"modified":"2025-03-04T20:52:30","modified_gmt":"2025-03-04T20:52:30","slug":"sobre-nosotros","status":"publish","type":"page","link":"https:\/\/nextleague.com\/es\/sobre-nosotros","title":{"rendered":"Sobre Nosotros"},"content":{"rendered":"","protected":false},"excerpt":{"rendered":"","protected":false},"author":1,"featured_media":0,"parent":0,"menu_order":0,"comment_status":"closed","ping_status":"closed","template":"","meta":{"content-type":"","inline_featured_image":false,"_monsterinsights_skip_tracking":false,"_monsterinsights_sitenote_active":false,"_monsterinsights_sitenote_note":"","_monsterinsights_sitenote_category":0,"footnotes":""},"class_list":["post-732","page","type-page","status-publish","hentry"],"yoast_head":"<!-- This site is optimized with the Yoast SEO plugin v26.1.1 - https:\/\/yoast.com\/wordpress\/plugins\/seo\/ -->\n<title>About Next League<\/title>\n<meta name=\"description\" content=\"We are an experienced group of sports technologists who focus first on the business outcomes being sought and then on the technologies that can help achieve them. We view our clients as partners and believe cultural alignment is the foundation of successful business relationships.\" \/>\n<meta name=\"robots\" content=\"index, follow, max-snippet:-1, max-image-preview:large, max-video-preview:-1\" \/>\n<link rel=\"canonical\" href=\"https:\/\/nextleague.com\/es\/sobre-nosotros\" \/>\n<meta property=\"og:locale\" content=\"es_ES\" \/>\n<meta property=\"og:type\" content=\"article\" \/>\n<meta property=\"og:title\" content=\"About Next League\" \/>\n<meta property=\"og:description\" content=\"We are an experienced group of sports technologists who focus first on the business outcomes being sought and then on the technologies that can help achieve them. We view our clients as partners and believe cultural alignment is the foundation of successful business relationships.\" \/>\n<meta property=\"og:url\" content=\"https:\/\/nextleague.com\/es\/sobre-nosotros\" \/>\n<meta property=\"og:site_name\" content=\"Next League\" \/>\n<meta property=\"article:publisher\" content=\"https:\/\/www.facebook.com\/KnowWhatIsNext\" \/>\n<meta property=\"article:modified_time\" content=\"2025-03-04T20:52:30+00:00\" \/>\n<meta name=\"twitter:card\" content=\"summary_large_image\" \/>\n<meta name=\"twitter:site\" content=\"@KnowWhatIsNext\" \/>\n<meta name=\"twitter:label1\" content=\"Est. reading time\" \/>\n\t<meta name=\"twitter:data1\" content=\"5 minutes\" \/>\n<script type=\"application\/ld+json\" class=\"yoast-schema-graph\">{\"@context\":\"https:\/\/schema.org\",\"@graph\":[{\"@type\":\"WebPage\",\"@id\":\"https:\/\/nextleague.com\/es\/sobre-nosotros\",\"url\":\"https:\/\/nextleague.com\/es\/sobre-nosotros\",\"name\":\"About Next League\",\"isPartOf\":{\"@id\":\"https:\/\/nextleague.com\/#website\"},\"datePublished\":\"2025-02-14T12:21:40+00:00\",\"dateModified\":\"2025-03-04T20:52:30+00:00\",\"description\":\"We are an experienced group of sports technologists who focus first on the business outcomes being sought and then on the technologies that can help achieve them. We view our clients as partners and believe cultural alignment is the foundation of successful business relationships.\",\"breadcrumb\":{\"@id\":\"https:\/\/nextleague.com\/es\/sobre-nosotros#breadcrumb\"},\"inLanguage\":\"es-419\",\"potentialAction\":[{\"@type\":\"ReadAction\",\"target\":[\"https:\/\/nextleague.com\/es\/sobre-nosotros\"]}]},{\"@type\":\"BreadcrumbList\",\"@id\":\"https:\/\/nextleague.com\/es\/sobre-nosotros#breadcrumb\",\"itemListElement\":[{\"@type\":\"ListItem\",\"position\":1,\"name\":\"Home\",\"item\":\"https:\/\/nextleague.com\/\"},{\"@type\":\"ListItem\",\"position\":2,\"name\":\"About\"}]},{\"@type\":\"WebSite\",\"@id\":\"https:\/\/nextleague.com\/#website\",\"url\":\"https:\/\/nextleague.com\/\",\"name\":\"Next League\",\"description\":\"Digital Agency | Strategy, Design, Brand &amp; Technology\",\"publisher\":{\"@id\":\"https:\/\/nextleague.com\/#organization\"},\"potentialAction\":[{\"@type\":\"SearchAction\",\"target\":{\"@type\":\"EntryPoint\",\"urlTemplate\":\"https:\/\/nextleague.com\/?s={search_term_string}\"},\"query-input\":{\"@type\":\"PropertyValueSpecification\",\"valueRequired\":true,\"valueName\":\"search_term_string\"}}],\"inLanguage\":\"es-419\"},{\"@type\":\"Organization\",\"@id\":\"https:\/\/nextleague.com\/#organization\",\"name\":\"Next League\",\"url\":\"https:\/\/nextleague.com\/\",\"logo\":{\"@type\":\"ImageObject\",\"inLanguage\":\"es-419\",\"@id\":\"https:\/\/nextleague.com\/#\/schema\/logo\/image\/\",\"url\":\"https:\/\/nextleague.com\/wp-content\/uploads\/2021\/11\/nl-logo-x-small.png\",\"contentUrl\":\"https:\/\/nextleague.com\/wp-content\/uploads\/2021\/11\/nl-logo-x-small.png\",\"width\":100,\"height\":100,\"caption\":\"Next League\"},\"image\":{\"@id\":\"https:\/\/nextleague.com\/#\/schema\/logo\/image\/\"},\"sameAs\":[\"https:\/\/www.facebook.com\/KnowWhatIsNext\",\"https:\/\/x.com\/KnowWhatIsNext\",\"https:\/\/www.instagram.com\/knowwhatisnext\/\",\"https:\/\/www.linkedin.com\/company\/next-league\",\"https:\/\/www.youtube.com\/channel\/UCpbzRkasZme-_X-9yfLt-uw\"]}]}<\/script>\n<!-- \/ Yoast SEO plugin. -->","yoast_head_json":{"title":"Sobre Next League","description":"Somos un grupo experimentado de tecn\u00f3logos deportivos que priorizan los resultados del negocio y luego la tecnolog\u00eda que los hace posibles. Vemos a nuestros clientes como socios y creemos que la alineaci\u00f3n cultural es clave para relaciones exitosas.","robots":{"index":"index","follow":"follow","max-snippet":"max-snippet:-1","max-image-preview":"max-image-preview:large","max-video-preview":"max-video-preview:-1"},"canonical":"https:\/\/nextleague.com\/es\/sobre-nosotros","og_locale":"es_ES","og_type":"article","og_title":"About Next League","og_description":"We are an experienced group of sports technologists who focus first on the business outcomes being sought and then on the technologies that can help achieve them. We view our clients as partners and believe cultural alignment is the foundation of successful business relationships.","og_url":"https:\/\/nextleague.com\/es\/sobre-nosotros","og_site_name":"Next League","article_publisher":"https:\/\/www.facebook.com\/KnowWhatIsNext","article_modified_time":"2025-03-04T20:52:30+00:00","twitter_card":"summary_large_image","twitter_site":"@KnowWhatIsNext","twitter_misc":{"Est. reading time":"5 minutes"},"schema":{"@context":"https:\/\/schema.org","@graph":[{"@type":"WebPage","@id":"https:\/\/nextleague.com\/es\/sobre-nosotros","url":"https:\/\/nextleague.com\/es\/sobre-nosotros","name":"Sobre Next League","isPartOf":{"@id":"https:\/\/nextleague.com\/#website"},"datePublished":"2025-02-14T12:21:40+00:00","dateModified":"2025-03-04T20:52:30+00:00","description":"Somos un grupo experimentado de tecn\u00f3logos deportivos que priorizan los resultados del negocio y luego la tecnolog\u00eda que los hace posibles. Vemos a nuestros clientes como socios y creemos que la alineaci\u00f3n cultural es clave para relaciones exitosas.","breadcrumb":{"@id":"https:\/\/nextleague.com\/es\/sobre-nosotros#breadcrumb"},"inLanguage":"es-419","potentialAction":[{"@type":"ReadAction","target":["https:\/\/nextleague.com\/es\/sobre-nosotros"]}]},{"@type":"BreadcrumbList","@id":"https:\/\/nextleague.com\/es\/sobre-nosotros#breadcrumb","itemListElement":[{"@type":"ListItem","position":1,"name":"Home","item":"https:\/\/nextleague.com\/"},{"@type":"ListItem","position":2,"name":"About"}]},{"@type":"WebSite","@id":"https:\/\/nextleague.com\/#website","url":"https:\/\/nextleague.com\/","name":"Next League","description":"Digital Agency | Strategy, Design, Brand &amp; Technology","publisher":{"@id":"https:\/\/nextleague.com\/#organization"},"potentialAction":[{"@type":"SearchAction","target":{"@type":"EntryPoint","urlTemplate":"https:\/\/nextleague.com\/?s={search_term_string}"},"query-input":{"@type":"PropertyValueSpecification","valueRequired":true,"valueName":"search_term_string"}}],"inLanguage":"es-419"},{"@type":"Organization","@id":"https:\/\/nextleague.com\/#organization","name":"Next League","url":"https:\/\/nextleague.com\/","logo":{"@type":"ImageObject","inLanguage":"es-419","@id":"https:\/\/nextleague.com\/#\/schema\/logo\/image\/","url":"https:\/\/nextleague.com\/wp-content\/uploads\/2021\/11\/nl-logo-x-small.png","contentUrl":"https:\/\/nextleague.com\/wp-content\/uploads\/2021\/11\/nl-logo-x-small.png","width":100,"height":100,"caption":"Next League"},"image":{"@id":"https:\/\/nextleague.com\/#\/schema\/logo\/image\/"},"sameAs":["https:\/\/www.facebook.com\/KnowWhatIsNext","https:\/\/x.com\/KnowWhatIsNext","https:\/\/www.instagram.com\/knowwhatisnext\/","https:\/\/www.linkedin.com\/company\/next-league","https:\/\/www.youtube.com\/channel\/UCpbzRkasZme-_X-9yfLt-uw"]}]}},"_links":{"self":[{"href":"https:\/\/nextleague.com\/es\/wp-json\/wp\/v2\/pages\/732","targetHints":{"allow":["GET"]}}],"collection":[{"href":"https:\/\/nextleague.com\/es\/wp-json\/wp\/v2\/pages"}],"about":[{"href":"https:\/\/nextleague.com\/es\/wp-json\/wp\/v2\/types\/page"}],"author":[{"embeddable":true,"href":"https:\/\/nextleague.com\/es\/wp-json\/wp\/v2\/users\/1"}],"replies":[{"embeddable":true,"href":"https:\/\/nextleague.com\/es\/wp-json\/wp\/v2\/comments?post=732"}],"version-history":[{"count":0,"href":"https:\/\/nextleague.com\/es\/wp-json\/wp\/v2\/pages\/732\/revisions"}],"wp:attachment":[{"href":"https:\/\/nextleague.com\/es\/wp-json\/wp\/v2\/media?parent=732"}],"curies":[{"name":"wp","href":"https:\/\/api.w.org\/{rel}","templated":true}]}}